{"id":41,"date":"2022-06-01T20:19:16","date_gmt":"2022-06-01T20:19:16","guid":{"rendered":"https:\/\/sdo.mx\/?page_id=41"},"modified":"2024-07-29T18:28:09","modified_gmt":"2024-07-29T18:28:09","slug":"lifesize","status":"publish","type":"page","link":"https:\/\/sdo.mx\/?page_id=41","title":{"rendered":"NEAT"},"content":{"rendered":"\n<p class=\"has-medium-font-size\"><strong>HAGA QUE EL FUTURO DEL TRABAJO SEA SENCILLO<\/strong> con las plataformas  lideres  Zoom o Microsoft Teams<\/p>\n\n\n\n<div class=\"wp-block-cover\"><span aria-hidden=\"true\" class=\"wp-block-cover__background has-background-dim\"><\/span><img loading=\"lazy\" decoding=\"async\" width=\"1920\" height=\"1764\" class=\"wp-block-cover__image-background wp-image-417\" alt=\"\" src=\"https:\/\/sdo.mx\/wp-content\/uploads\/2024\/07\/NEAT-BAR-PRO-PAGINA.jpg\" data-object-fit=\"cover\" srcset=\"https:\/\/sdo.mx\/wp-content\/uploads\/2024\/07\/NEAT-BAR-PRO-PAGINA.jpg 1920w, https:\/\/sdo.mx\/wp-content\/uploads\/2024\/07\/NEAT-BAR-PRO-PAGINA-768x706.jpg 768w, https:\/\/sdo.mx\/wp-content\/uploads\/2024\/07\/NEAT-BAR-PRO-PAGINA-1536x1411.jpg 1536w\" sizes=\"auto, (max-width: 1920px) 100vw, 1920px\" \/><div class=\"wp-block-cover__inner-container is-layout-flow wp-block-cover-is-layout-flow\">\n<p class=\"has-text-align-left has-large-font-size\">Soporte de triple pantalla 4k<\/p>\n<\/div><\/div>\n\n\n\n<figure class=\"wp-block-image size-full\"><img loading=\"lazy\" decoding=\"async\" width=\"720\" height=\"660\" src=\"https:\/\/sdo.mx\/wp-content\/uploads\/2024\/07\/NEAT-BAR-PRO-PAGINA-2.png\" alt=\"\" class=\"wp-image-418\"\/><\/figure>\n\n\n\n<p class=\"has-text-align-left has-medium-font-size\">Excelente audio y video con<br>la tecnolog\u00eda m\u00e1s avanzada.<\/p>\n\n\n\n<p class=\"has-text-align-left has-medium-font-size\">Con un procesamiento de im\u00e1genes ultra r\u00e1pido, Neat Bar Pro puede detectar, ampliar y seguir a todos los participantes en la sala en primer plano, sin importar d\u00f3nde est\u00e9n ubicados, lo que resulta en una interacci\u00f3n m\u00e1s realista.<\/p>\n\n\n\n<p class=\"has-medium-font-size\">Neat Bar Pro incluye una gran cantidad de tecnolog\u00eda en un dispositivo delgado, simple y elegante. Capaz de controlar tres pantallas grandes, le permite ver a las personas y el contenido juntos con mayor claridad. Al mismo tiempo, su calidad de audio y video sin concesiones le brinda una experiencia de reuni\u00f3n natural e incre\u00edblemente inmersiva en cualquier espacio.<\/p>\n\n\n\n<div class=\"wp-block-columns is-layout-flex wp-container-core-columns-is-layout-9d6595d7 wp-block-columns-is-layout-flex\">\n<div class=\"wp-block-column is-layout-flow wp-block-column-is-layout-flow\"><\/div>\n<\/div>\n\n\n\n<figure class=\"wp-block-image size-full\"><img loading=\"lazy\" decoding=\"async\" width=\"1500\" height=\"1500\" src=\"https:\/\/sdo.mx\/wp-content\/uploads\/2024\/07\/NEAT-BAR-3.png\" alt=\"\" class=\"wp-image-419\" srcset=\"https:\/\/sdo.mx\/wp-content\/uploads\/2024\/07\/NEAT-BAR-3.png 1500w, https:\/\/sdo.mx\/wp-content\/uploads\/2024\/07\/NEAT-BAR-3-768x768.png 768w\" sizes=\"auto, (max-width: 1500px) 100vw, 1500px\" \/><\/figure>\n","protected":false},"excerpt":{"rendered":"<p>HAGA QUE EL FUTURO DEL TRABAJO SEA SENCILLO con las plataformas lideres Zoom o Microsoft Teams Excelente audio y video conla tecnolog\u00eda m\u00e1s avanzada. Con un procesamiento de im\u00e1genes ultra r\u00e1pido, Neat Bar Pro puede detectar, ampliar y seguir a todos los participantes en la sala en primer plano, sin importar d\u00f3nde est\u00e9n ubicados, lo&hellip;<\/p>\n<p class=\"more-link\"><a href=\"https:\/\/sdo.mx\/?page_id=41\" class=\"themebutton2\">Leer m\u00e1s<\/a><\/p>\n","protected":false},"author":1,"featured_media":0,"parent":0,"menu_order":0,"comment_status":"closed","ping_status":"closed","template":"","meta":{"footnotes":""},"class_list":["post-41","page","type-page","status-publish","hentry"],"_links":{"self":[{"href":"https:\/\/sdo.mx\/index.php?rest_route=\/wp\/v2\/pages\/41","targetHints":{"allow":["GET"]}}],"collection":[{"href":"https:\/\/sdo.mx\/index.php?rest_route=\/wp\/v2\/pages"}],"about":[{"href":"https:\/\/sdo.mx\/index.php?rest_route=\/wp\/v2\/types\/page"}],"author":[{"embeddable":true,"href":"https:\/\/sdo.mx\/index.php?rest_route=\/wp\/v2\/users\/1"}],"replies":[{"embeddable":true,"href":"https:\/\/sdo.mx\/index.php?rest_route=%2Fwp%2Fv2%2Fcomments&post=41"}],"version-history":[{"count":26,"href":"https:\/\/sdo.mx\/index.php?rest_route=\/wp\/v2\/pages\/41\/revisions"}],"predecessor-version":[{"id":422,"href":"https:\/\/sdo.mx\/index.php?rest_route=\/wp\/v2\/pages\/41\/revisions\/422"}],"wp:attachment":[{"href":"https:\/\/sdo.mx\/index.php?rest_route=%2Fwp%2Fv2%2Fmedia&parent=41"}],"curies":[{"name":"wp","href":"https:\/\/api.w.org\/{rel}","templated":true}]}}